{"id":41,"date":"2026-03-13T11:22:22","date_gmt":"2026-03-13T11:22:22","guid":{"rendered":"https:\/\/denvixo.space\/?page_id=41"},"modified":"2026-03-13T11:22:27","modified_gmt":"2026-03-13T11:22:27","slug":"impressum","status":"publish","type":"page","link":"https:\/\/denvixo.space\/?page_id=41","title":{"rendered":"Impressum"},"content":{"rendered":"\n<p>Angaben gem\u00e4\u00df Paragraph 5 Digitale-Dienste-Gesetz. Die Webseite denvixo wird von Steffen Patrick Beyer betrieben. Wir sind ein lokales Handwerksunternehmen aus M\u00fcnchen, das sich auf den individuellen Bau von Saunen und Wellnessbereichen spezialisiert hat. Die Qualit\u00e4t unserer Arbeit basiert auf jahrelanger Erfahrung und technischer Pr\u00e4zision.<\/p>\n\n\n\n<p>Verantwortlich f\u00fcr den Inhalt: Steffen Patrick Beyer Sansibarstr. 29 B, 81827 M\u00fcnchen, Deutschland Kontakt: help@denvixo.space Umsatzsteuer-Identifikationsnummer gem\u00e4\u00df Paragraph 27 a Umsatzsteuergesetz: DE594302394<\/p>\n\n\n\n<p>Plattform der EU-Kommission zur Online-Streitbeilegung: <a target=\"_blank\" rel=\"noreferrer noopener\" href=\"https:\/\/ec.europa.eu\/consumers\/odr\">https:\/\/ec.europa.eu\/consumers\/odr<\/a>. Wir sind nicht bereit oder verpflichtet, an Streitbeilegungsverfahren vor einer Verbraucherschlichtungsstelle teilzunehmen. Als inhabergef\u00fchrtes Unternehmen in M\u00fcnchen legen wir Wert auf direkten Kundenkontakt und faire L\u00f6sungen bei allen Projekten rund um den Saunabau.<\/p>\n","protected":false},"excerpt":{"rendered":"<p>Angaben gem\u00e4\u00df Paragraph 5 Digitale-Dienste-Gesetz. Die Webseite denvixo wird von Steffen Patrick Beyer betrieben. Wir [&hellip;]<\/p>\n","protected":false},"author":1,"featured_media":0,"parent":0,"menu_order":5,"comment_status":"closed","ping_status":"closed","template":"","meta":{"footnotes":""},"class_list":["post-41","page","type-page","status-publish","hentry"],"_links":{"self":[{"href":"https:\/\/denvixo.space\/index.php?rest_route=\/wp\/v2\/pages\/41","targetHints":{"allow":["GET"]}}],"collection":[{"href":"https:\/\/denvixo.space\/index.php?rest_route=\/wp\/v2\/pages"}],"about":[{"href":"https:\/\/denvixo.space\/index.php?rest_route=\/wp\/v2\/types\/page"}],"author":[{"embeddable":true,"href":"https:\/\/denvixo.space\/index.php?rest_route=\/wp\/v2\/users\/1"}],"replies":[{"embeddable":true,"href":"https:\/\/denvixo.space\/index.php?rest_route=%2Fwp%2Fv2%2Fcomments&post=41"}],"version-history":[{"count":1,"href":"https:\/\/denvixo.space\/index.php?rest_route=\/wp\/v2\/pages\/41\/revisions"}],"predecessor-version":[{"id":42,"href":"https:\/\/denvixo.space\/index.php?rest_route=\/wp\/v2\/pages\/41\/revisions\/42"}],"wp:attachment":[{"href":"https:\/\/denvixo.space\/index.php?rest_route=%2Fwp%2Fv2%2Fmedia&parent=41"}],"curies":[{"name":"wp","href":"https:\/\/api.w.org\/{rel}","templated":true}]}}