{"id":43,"date":"2026-03-13T11:22:34","date_gmt":"2026-03-13T11:22:34","guid":{"rendered":"https:\/\/denvixo.space\/?page_id=43"},"modified":"2026-03-13T11:22:38","modified_gmt":"2026-03-13T11:22:38","slug":"datenschutzerklaerung","status":"publish","type":"page","link":"https:\/\/denvixo.space\/?page_id=43","title":{"rendered":"Datenschutzerkl\u00e4rung"},"content":{"rendered":"\n<p>Der Schutz Ihrer Daten hat bei denvixo h\u00f6chste Priorit\u00e4t. Wir behandeln Ihre personenbezogenen Daten vertraulich und entsprechend der gesetzlichen Datenschutzvorschriften sowie dieser Datenschutzerkl\u00e4rung. Die Nutzung unserer Webseite <a target=\"_blank\" rel=\"noreferrer noopener\" href=\"https:\/\/denvixo.space\">https:\/\/denvixo.space<\/a> ist in der Regel ohne Angabe personenbezogener Daten m\u00f6glich.<\/p>\n\n\n\n<p>Verantwortliche Stelle f\u00fcr die Datenverarbeitung: Steffen Patrick Beyer Sansibarstr. 29 B, 81827 M\u00fcnchen E-Mail: help@denvixo.space<\/p>\n\n\n\n<p>Sofern Sie uns per E-Mail Anfragen zukommen lassen, werden Ihre Angaben zwecks Bearbeitung der Anfrage und f\u00fcr den Fall von Anschlussfragen bei uns gespeichert. Wir geben diese Daten nicht ohne Ihre Einwilligung weiter. Wir weisen darauf hin, dass die Daten\u00fcbertragung im Internet Sicherheitsl\u00fccken aufweisen kann. Ein l\u00fcckenloser Schutz der Daten vor dem Zugriff durch Dritte ist nicht m\u00f6glich. Sie haben jederzeit das Recht auf unentgeltliche Auskunft \u00fcber Ihre gespeicherten personenbezogenen Daten.<\/p>\n","protected":false},"excerpt":{"rendered":"<p>Der Schutz Ihrer Daten hat bei denvixo h\u00f6chste Priorit\u00e4t. Wir behandeln Ihre personenbezogenen Daten vertraulich [&hellip;]<\/p>\n","protected":false},"author":1,"featured_media":0,"parent":0,"menu_order":6,"comment_status":"closed","ping_status":"closed","template":"","meta":{"footnotes":""},"class_list":["post-43","page","type-page","status-publish","hentry"],"_links":{"self":[{"href":"https:\/\/denvixo.space\/index.php?rest_route=\/wp\/v2\/pages\/43","targetHints":{"allow":["GET"]}}],"collection":[{"href":"https:\/\/denvixo.space\/index.php?rest_route=\/wp\/v2\/pages"}],"about":[{"href":"https:\/\/denvixo.space\/index.php?rest_route=\/wp\/v2\/types\/page"}],"author":[{"embeddable":true,"href":"https:\/\/denvixo.space\/index.php?rest_route=\/wp\/v2\/users\/1"}],"replies":[{"embeddable":true,"href":"https:\/\/denvixo.space\/index.php?rest_route=%2Fwp%2Fv2%2Fcomments&post=43"}],"version-history":[{"count":1,"href":"https:\/\/denvixo.space\/index.php?rest_route=\/wp\/v2\/pages\/43\/revisions"}],"predecessor-version":[{"id":44,"href":"https:\/\/denvixo.space\/index.php?rest_route=\/wp\/v2\/pages\/43\/revisions\/44"}],"wp:attachment":[{"href":"https:\/\/denvixo.space\/index.php?rest_route=%2Fwp%2Fv2%2Fmedia&parent=43"}],"curies":[{"name":"wp","href":"https:\/\/api.w.org\/{rel}","templated":true}]}}