{"id":47,"date":"2026-03-13T11:22:55","date_gmt":"2026-03-13T11:22:55","guid":{"rendered":"https:\/\/denvixo.space\/?page_id=47"},"modified":"2026-03-13T11:22:59","modified_gmt":"2026-03-13T11:22:59","slug":"allgemeine-geschaeftsbedingungen","status":"publish","type":"page","link":"https:\/\/denvixo.space\/?page_id=47","title":{"rendered":"Allgemeine Gesch\u00e4ftsbedingungen"},"content":{"rendered":"\n<p>Diese Allgemeinen Gesch\u00e4ftsbedingungen gelten f\u00fcr alle Vertr\u00e4ge \u00fcber die Planung und den Bau von Saunaanlagen durch Steffen Patrick Beyer. Unsere Leistungen richten sich nach den individuellen Vereinbarungen mit unseren Kunden in M\u00fcnchen und Umgebung. Ein Vertrag kommt erst durch unsere schriftliche Auftragsbest\u00e4tigung zustande.<\/p>\n\n\n\n<p>Wichtige Bestimmungen:<\/p>\n\n\n\n<ol start=\"1\" class=\"wp-block-list\">\n<li>Angebote von denvixo sind freibleibend, sofern nicht ausdr\u00fccklich anders vermerkt.<\/li>\n\n\n\n<li>Die Abnahme erfolgt nach Fertigstellung der Montage am Standort des Kunden.<\/li>\n\n\n\n<li>Zahlungen sind nach Rechnungsstellung ohne Abzug f\u00e4llig.<\/li>\n\n\n\n<li>Wir behalten uns das Eigentum an allen gelieferten Materialien bis zur vollst\u00e4ndigen Bezahlung vor.<\/li>\n<\/ol>\n\n\n\n<p>Haftungsausschl\u00fcsse beziehen sich auf Sch\u00e4den, die durch unsachgem\u00e4\u00dfe Bedienung der Saunatechnik durch den Nutzer entstehen. Gerichtsstand f\u00fcr alle Streitigkeiten aus diesem Vertragsverh\u00e4ltnis ist M\u00fcnchen. \u00c4nderungen des Vertrages bed\u00fcrfen der Schriftform. Mit der Beauftragung erkennt der Kunde diese Bedingungen als verbindlich an.<\/p>\n","protected":false},"excerpt":{"rendered":"<p>Diese Allgemeinen Gesch\u00e4ftsbedingungen gelten f\u00fcr alle Vertr\u00e4ge \u00fcber die Planung und den Bau von Saunaanlagen [&hellip;]<\/p>\n","protected":false},"author":1,"featured_media":0,"parent":0,"menu_order":8,"comment_status":"closed","ping_status":"closed","template":"","meta":{"footnotes":""},"class_list":["post-47","page","type-page","status-publish","hentry"],"_links":{"self":[{"href":"https:\/\/denvixo.space\/index.php?rest_route=\/wp\/v2\/pages\/47","targetHints":{"allow":["GET"]}}],"collection":[{"href":"https:\/\/denvixo.space\/index.php?rest_route=\/wp\/v2\/pages"}],"about":[{"href":"https:\/\/denvixo.space\/index.php?rest_route=\/wp\/v2\/types\/page"}],"author":[{"embeddable":true,"href":"https:\/\/denvixo.space\/index.php?rest_route=\/wp\/v2\/users\/1"}],"replies":[{"embeddable":true,"href":"https:\/\/denvixo.space\/index.php?rest_route=%2Fwp%2Fv2%2Fcomments&post=47"}],"version-history":[{"count":1,"href":"https:\/\/denvixo.space\/index.php?rest_route=\/wp\/v2\/pages\/47\/revisions"}],"predecessor-version":[{"id":48,"href":"https:\/\/denvixo.space\/index.php?rest_route=\/wp\/v2\/pages\/47\/revisions\/48"}],"wp:attachment":[{"href":"https:\/\/denvixo.space\/index.php?rest_route=%2Fwp%2Fv2%2Fmedia&parent=47"}],"curies":[{"name":"wp","href":"https:\/\/api.w.org\/{rel}","templated":true}]}}